{"id":3004,"date":"2025-05-15T13:13:28","date_gmt":"2025-05-15T13:13:28","guid":{"rendered":"https:\/\/nornelegacy.com\/audio-and-music-restoration\/"},"modified":"2026-02-19T15:21:10","modified_gmt":"2026-02-19T15:21:10","slug":"restauration-audio-et-musicale","status":"publish","type":"page","link":"https:\/\/nornelegacy.com\/fr\/restauration-audio-et-musicale\/","title":{"rendered":"Restauration Audio et Musicale"},"content":{"rendered":"<!--themify_builder_content-->\n<div id=\"themify_builder_content-3004\" data-postid=\"3004\" class=\"themify_builder_content themify_builder_content-3004 themify_builder tf_clear\">\n                    <div  data-css_id=\"l9kh646\" data-lazy=\"1\" class=\"module_row themify_builder_row fullwidth tb_l9kh646 tb_first tf_w\">\n                        <div class=\"row_inner col_align_middle gutter-none tb_col_count_2 tf_box tf_rel\">\n                        <div  data-lazy=\"1\" class=\"module_column tb-column col4-2 tb_iae3646 first\">\n                            <div  data-lazy=\"1\" class=\"module_subrow themify_builder_sub_row tf_w col_align_top tb_col_count_2 tb_61oy646\">\n                <div  data-lazy=\"1\" class=\"module_column sub_column col4-2 tb_h3sl646 first\">\n                    <!-- module icon -->\n<div  class=\"module module-icon tb_ws3u646  xlarge  icon_horizontal tf_textc\" data-lazy=\"1\">\n\t\t\t<div class=\"module-icon-item\">\n\t\t\t\t\t\t\t\t\t\t\t\t\t\t\t\t<em class=\"tf_box\"\n\t\t\t\t\t\t\t\t\t\t\t\t style=\"background-color:rgba(72,118,224, 0);color:#edf3ff\"\t\t\t\t\t><svg  class=\"tf_fa tf-far-circle-play\" xmlns:xlink=\"http:\/\/www.w3.org\/1999\/xlink\" aria-hidden=\"true\"><use href=\"#tf-far-circle-play\" xlink:href=\"#tf-far-circle-play\"><\/use><\/svg><\/em>\n\t\t\t\t\t\t\t\t\t\t\t\t\t\t<\/div>\n\t<\/div>\n<!-- \/module icon -->\n        <\/div>\n                    <div  data-lazy=\"1\" class=\"module_column sub_column col4-2 tb_5yxc646 last tb_link_outline\" data-tb_link=\"https:\/\/youtu.be\/PYVq5H_jzMU?post_in_lightbox=1\" data-tb_lb=\"1\">\n                    <!-- module icon -->\n<div  class=\"module module-icon tb_1plb646  xlarge  icon_horizontal tf_textc\" data-lazy=\"1\">\n\t\t\t<div class=\"module-icon-item\">\n\t\t\t\t\t\t\t\t\t\t\t\t\t\t\t\t<em class=\"tf_box\"\n\t\t\t\t\t\t\t\t\t\t\t\t style=\"background-color:rgba(72,118,224, 0);color:#edf3ff\"\t\t\t\t\t><svg  class=\"tf_fa tf-far-circle-play\" xmlns:xlink=\"http:\/\/www.w3.org\/1999\/xlink\" aria-hidden=\"true\"><use href=\"#tf-far-circle-play\" xlink:href=\"#tf-far-circle-play\"><\/use><\/svg><\/em>\n\t\t\t\t\t\t\t\t\t\t\t\t\t\t<\/div>\n\t<\/div>\n<!-- \/module icon -->\n        <\/div>\n                    <\/div>\n                <div  data-lazy=\"1\" class=\"module_subrow themify_builder_sub_row tf_w col_align_top tb_col_count_1 tb_6o8u646\">\n                <div  data-lazy=\"1\" class=\"module_column sub_column col-full tb_qcxz646 first tb_link_outline\" data-tb_link=\"https:\/\/youtu.be\/LSxaD_FLqF4?post_in_lightbox=1\" data-tb_lb=\"1\">\n                    <!-- module icon -->\n<div  class=\"module module-icon tb_4686646  xlarge  icon_horizontal tf_textc\" data-lazy=\"1\">\n\t\t\t<div class=\"module-icon-item\">\n\t\t\t\t\t\t\t\t\t\t\t\t\t\t\t\t<em class=\"tf_box\"\n\t\t\t\t\t\t\t\t\t\t\t\t style=\"background-color:rgba(72,118,224, 0);color:#edf3ff\"\t\t\t\t\t><svg  class=\"tf_fa tf-far-circle-play\" xmlns:xlink=\"http:\/\/www.w3.org\/1999\/xlink\" aria-hidden=\"true\"><use href=\"#tf-far-circle-play\" xlink:href=\"#tf-far-circle-play\"><\/use><\/svg><\/em>\n\t\t\t\t\t\t\t\t\t\t\t\t\t\t<\/div>\n\t<\/div>\n<!-- \/module icon -->\n        <\/div>\n                    <\/div>\n                <div  data-lazy=\"1\" class=\"module_subrow themify_builder_sub_row tf_w col_align_top tb_col_count_2 tb_rmsv646\">\n                <div  data-lazy=\"1\" class=\"module_column sub_column col4-2 tb_xiuk646 first tb_link_outline\" data-tb_link=\"https:\/\/www.youtube.com\/watch?v=EAl6BJfn6rs&amp;post_in_lightbox=1\" data-tb_lb=\"1\">\n                    <!-- module icon -->\n<div  class=\"module module-icon tb_q1nu646  xlarge  icon_horizontal tf_textc\" data-lazy=\"1\">\n\t\t\t<div class=\"module-icon-item\">\n\t\t\t\t\t\t\t\t\t\t\t\t\t\t\t\t<em class=\"tf_box\"\n\t\t\t\t\t\t\t\t\t\t\t\t style=\"background-color:rgba(72,118,224, 0);color:#edf3ff\"\t\t\t\t\t><svg  class=\"tf_fa tf-far-circle-play\" xmlns:xlink=\"http:\/\/www.w3.org\/1999\/xlink\" aria-hidden=\"true\"><use href=\"#tf-far-circle-play\" xlink:href=\"#tf-far-circle-play\"><\/use><\/svg><\/em>\n\t\t\t\t\t\t\t\t\t\t\t\t\t\t<\/div>\n\t<\/div>\n<!-- \/module icon -->\n        <\/div>\n                    <div  data-lazy=\"1\" class=\"module_column sub_column col4-2 tb_jd1j646 last tb_link_outline\" data-tb_link=\"https:\/\/youtu.be\/2bHJRcxFFro?post_in_lightbox=1\" data-tb_lb=\"1\">\n                    <!-- module icon -->\n<div  class=\"module module-icon tb_2mi3646  xlarge  icon_horizontal tf_textc\" data-lazy=\"1\">\n\t\t\t<div class=\"module-icon-item\">\n\t\t\t\t\t\t\t\t\t\t\t\t\t\t\t\t<em class=\"tf_box\"\n\t\t\t\t\t\t\t\t\t\t\t\t style=\"background-color:rgba(72,118,224, 0);color:#edf3ff\"\t\t\t\t\t><svg  class=\"tf_fa tf-far-circle-play\" xmlns:xlink=\"http:\/\/www.w3.org\/1999\/xlink\" aria-hidden=\"true\"><use href=\"#tf-far-circle-play\" xlink:href=\"#tf-far-circle-play\"><\/use><\/svg><\/em>\n\t\t\t\t\t\t\t\t\t\t\t\t\t\t<\/div>\n\t<\/div>\n<!-- \/module icon -->\n        <\/div>\n                    <\/div>\n                <div  data-lazy=\"1\" class=\"module_subrow themify_builder_sub_row tf_w col_align_top gutter-none col_auto_height tb_col_count_2 tb_wxl3646\">\n                <div  data-lazy=\"1\" class=\"module_column sub_column col4-2 tb_dinp646 first\">\n                    <!-- module text -->\n<div  class=\"module module-text tb_0kte167   \" data-lazy=\"1\">\n        <div  class=\"tb_text_wrap\">\n        <h3>La restauration commence par un message.<\/h3>\n    <\/div>\n<\/div>\n<!-- \/module text -->        <\/div>\n                    <div  data-lazy=\"1\" class=\"module_column sub_column col4-2 tb_fe1l646 last\">\n                    <!-- module buttons -->\n<div  class=\"module module-buttons tb_b8ra956 buttons-horizontal solid  xlarge squared\" data-lazy=\"1\">\n        <div class=\"module-buttons-item tf_in_flx\">\n                        <a href=\"https:\/\/nornelegacy.com\/fr\/contact\/\" class=\"ui builder_button tf_in_flx transparent\" >\n                                                Contactez-nous                                        <\/a>\n                <\/div>\n            <\/div>\n<!-- \/module buttons -->\n        <\/div>\n                    <\/div>\n                <\/div>\n                    <div  data-lazy=\"1\" class=\"module_column tb-column col4-2 tb_72sx646 last\">\n                    <!-- module text -->\n<div  class=\"module module-text tb_a6j092   \" data-lazy=\"1\">\n        <div  class=\"tb_text_wrap\">\n        <h1>RESTAURATION AUDIO ET PR\u00c9SERVATION SONORE\u2028<\/h1>\n<p><strong>Redonner voix et harmonie \u00e0 la m\u00e9moire.<\/strong><\/p>\n<h3>Restauration audio num\u00e9rique pour enregistrements historiques et fonds sonores d\u2019archives<\/h3>\n<p>Notre service est d\u00e9di\u00e9 \u00e0 la r\u00e9cup\u00e9ration, au nettoyage et \u00e0 l\u2019am\u00e9lioration de <b>mat\u00e9riaux sonores d\u00e9j\u00e0 num\u00e9ris\u00e9s<\/b>, incluant <b>enregistrements historiques<\/b>, <b>bandes-son de films<\/b>, <b>archives orales<\/b>, <b>entretiens<\/b> et <b>fonds musicaux<\/b>. Nous intervenons aussi bien sur des transferts issus de supports analogiques que sur des fichiers num\u00e9riques natifs affect\u00e9s par une d\u00e9gradation technique.<\/p>\n<p>Nous traitons un large \u00e9ventail de d\u00e9fauts audio, notamment :<\/p>\n<ul>\n<li><b>Bruit de fond :<\/b> souffle large bande, bruit de bande magn\u00e9tique, ronflement \u00e9lectrique, interf\u00e9rences et parasites environnementaux.<\/li>\n<li><b>Bruits impulsifs :<\/b> clics, cr\u00e9pitements, pops et artefacts transitoires gr\u00e2ce \u00e0 des proc\u00e9d\u00e9s avanc\u00e9s de de-clicking et de restauration spectrale.<\/li>\n<li><b>D\u00e9gradation du signal :<\/b> distorsion par \u00e9cr\u00eatage, artefacts de compression dynamique, d\u00e9s\u00e9quilibres fr\u00e9quentiels, probl\u00e8mes de phase et instabilit\u00e9 de l\u2019image st\u00e9r\u00e9o.<\/li>\n<\/ul>\n<p>Gr\u00e2ce \u00e0 un <b>workflow hybride de restauration audio<\/b>, combinant <b>outils de restauration spectrale assist\u00e9s par l\u2019intelligence artificielle<\/b>, \u00e9dition manuelle de pr\u00e9cision et \u00e9coute critique experte, nous r\u00e9tablissons <b>clart\u00e9 et intelligibilit\u00e9<\/b> tout en pr\u00e9servant le <b>caract\u00e8re acoustique original<\/b> et l\u2019<b>int\u00e9grit\u00e9 documentaire<\/b> du mat\u00e9riau source.<\/p>\n<p>Ce service s\u2019adresse aux <b>archives sonores<\/b>, <b>mus\u00e9es<\/b>, <b>institutions culturelles<\/b>, <b>diffuseurs<\/b>, <b>fondations<\/b> et <b>ayants droit <\/b>recherchant une <b>restauration audio professionnelle<\/b>, conforme aux <b>standards de conservation archivistique et de diffusion professionnelle<\/b>.<\/p>\n<p><b>Contactez-nous<\/b> pour une <b>\u00e9valuation technique de votre archive audio num\u00e9ris\u00e9e<\/b>.<\/p>    <\/div>\n<\/div>\n<!-- \/module text -->        <\/div>\n                        <\/div>\n        <\/div>\n        <\/div>\n<!--\/themify_builder_content-->","protected":false},"excerpt":{"rendered":"<p>La restauration commence par un message.<\/p>\n","protected":false},"author":1,"featured_media":0,"parent":0,"menu_order":0,"comment_status":"closed","ping_status":"closed","template":"","meta":{"footnotes":""},"class_list":["post-3004","page","type-page","status-publish","hentry","has-post-title","has-post-date","has-post-category","has-post-tag","has-post-comment","has-post-author",""],"builder_content":"<em style=\"background-color:rgba(72,118,224, 0);color:#edf3ff\" ><svg xmlns:xlink=\"http:\/\/www.w3.org\/1999\/xlink\" aria-hidden=\"true\"><use href=\"#tf-far-circle-play\" xlink:href=\"#tf-far-circle-play\"><\/use><\/svg><\/em>\n<em style=\"background-color:rgba(72,118,224, 0);color:#edf3ff\" ><svg xmlns:xlink=\"http:\/\/www.w3.org\/1999\/xlink\" aria-hidden=\"true\"><use href=\"#tf-far-circle-play\" xlink:href=\"#tf-far-circle-play\"><\/use><\/svg><\/em>\n<em style=\"background-color:rgba(72,118,224, 0);color:#edf3ff\" ><svg xmlns:xlink=\"http:\/\/www.w3.org\/1999\/xlink\" aria-hidden=\"true\"><use href=\"#tf-far-circle-play\" xlink:href=\"#tf-far-circle-play\"><\/use><\/svg><\/em>\n<em style=\"background-color:rgba(72,118,224, 0);color:#edf3ff\" ><svg xmlns:xlink=\"http:\/\/www.w3.org\/1999\/xlink\" aria-hidden=\"true\"><use href=\"#tf-far-circle-play\" xlink:href=\"#tf-far-circle-play\"><\/use><\/svg><\/em>\n<em style=\"background-color:rgba(72,118,224, 0);color:#edf3ff\" ><svg xmlns:xlink=\"http:\/\/www.w3.org\/1999\/xlink\" aria-hidden=\"true\"><use href=\"#tf-far-circle-play\" xlink:href=\"#tf-far-circle-play\"><\/use><\/svg><\/em>\n<h3>La restauration commence par un message.<\/h3>\n<a href=\"https:\/\/nornelegacy.com\/fr\/contact\/\" > Contactez-nous <\/a>\n<h1>RESTAURATION AUDIO ET PR\u00c9SERVATION SONORE\u2028<\/h1> <p><strong>Redonner voix et harmonie \u00e0 la m\u00e9moire.<\/strong><\/p> <h3>Restauration audio num\u00e9rique pour enregistrements historiques et fonds sonores d\u2019archives<\/h3> <p>Notre service est d\u00e9di\u00e9 \u00e0 la r\u00e9cup\u00e9ration, au nettoyage et \u00e0 l\u2019am\u00e9lioration de <b>mat\u00e9riaux sonores d\u00e9j\u00e0 num\u00e9ris\u00e9s<\/b>, incluant <b>enregistrements historiques<\/b>, <b>bandes-son de films<\/b>, <b>archives orales<\/b>, <b>entretiens<\/b> et <b>fonds musicaux<\/b>. Nous intervenons aussi bien sur des transferts issus de supports analogiques que sur des fichiers num\u00e9riques natifs affect\u00e9s par une d\u00e9gradation technique.<\/p> <p>Nous traitons un large \u00e9ventail de d\u00e9fauts audio, notamment :<\/p> <ul> <li><b>Bruit de fond :<\/b> souffle large bande, bruit de bande magn\u00e9tique, ronflement \u00e9lectrique, interf\u00e9rences et parasites environnementaux.<\/li> <li><b>Bruits impulsifs :<\/b> clics, cr\u00e9pitements, pops et artefacts transitoires gr\u00e2ce \u00e0 des proc\u00e9d\u00e9s avanc\u00e9s de de-clicking et de restauration spectrale.<\/li> <li><b>D\u00e9gradation du signal :<\/b> distorsion par \u00e9cr\u00eatage, artefacts de compression dynamique, d\u00e9s\u00e9quilibres fr\u00e9quentiels, probl\u00e8mes de phase et instabilit\u00e9 de l\u2019image st\u00e9r\u00e9o.<\/li> <\/ul> <p>Gr\u00e2ce \u00e0 un <b>workflow hybride de restauration audio<\/b>, combinant <b>outils de restauration spectrale assist\u00e9s par l\u2019intelligence artificielle<\/b>, \u00e9dition manuelle de pr\u00e9cision et \u00e9coute critique experte, nous r\u00e9tablissons <b>clart\u00e9 et intelligibilit\u00e9<\/b> tout en pr\u00e9servant le <b>caract\u00e8re acoustique original<\/b> et l\u2019<b>int\u00e9grit\u00e9 documentaire<\/b> du mat\u00e9riau source.<\/p> <p>Ce service s\u2019adresse aux <b>archives sonores<\/b>, <b>mus\u00e9es<\/b>, <b>institutions culturelles<\/b>, <b>diffuseurs<\/b>, <b>fondations<\/b> et <b>ayants droit <\/b>recherchant une <b>restauration audio professionnelle<\/b>, conforme aux <b>standards de conservation archivistique et de diffusion professionnelle<\/b>.<\/p> <p><b>Contactez-nous<\/b> pour une <b>\u00e9valuation technique de votre archive audio num\u00e9ris\u00e9e<\/b>.<\/p>","_links":{"self":[{"href":"https:\/\/nornelegacy.com\/fr\/wp-json\/wp\/v2\/pages\/3004","targetHints":{"allow":["GET"]}}],"collection":[{"href":"https:\/\/nornelegacy.com\/fr\/wp-json\/wp\/v2\/pages"}],"about":[{"href":"https:\/\/nornelegacy.com\/fr\/wp-json\/wp\/v2\/types\/page"}],"author":[{"embeddable":true,"href":"https:\/\/nornelegacy.com\/fr\/wp-json\/wp\/v2\/users\/1"}],"replies":[{"embeddable":true,"href":"https:\/\/nornelegacy.com\/fr\/wp-json\/wp\/v2\/comments?post=3004"}],"version-history":[{"count":52,"href":"https:\/\/nornelegacy.com\/fr\/wp-json\/wp\/v2\/pages\/3004\/revisions"}],"predecessor-version":[{"id":4772,"href":"https:\/\/nornelegacy.com\/fr\/wp-json\/wp\/v2\/pages\/3004\/revisions\/4772"}],"wp:attachment":[{"href":"https:\/\/nornelegacy.com\/fr\/wp-json\/wp\/v2\/media?parent=3004"}],"curies":[{"name":"wp","href":"https:\/\/api.w.org\/{rel}","templated":true}]}}