{"id":3021,"date":"2025-05-15T14:22:23","date_gmt":"2025-05-15T14:22:23","guid":{"rendered":"https:\/\/nornelegacy.com\/contact\/"},"modified":"2025-05-22T14:12:44","modified_gmt":"2025-05-22T14:12:44","slug":"contact","status":"publish","type":"page","link":"https:\/\/nornelegacy.com\/fr\/contact\/","title":{"rendered":"Contact"},"content":{"rendered":"<!--themify_builder_content-->\n<div id=\"themify_builder_content-3021\" data-postid=\"3021\" class=\"themify_builder_content themify_builder_content-3021 themify_builder tf_clear\">\n                    <div  data-lazy=\"1\" class=\"module_row themify_builder_row tb_1c5r244 tb_first tf_w\">\n            <span  class=\"builder_row_cover tf_abs\" data-lazy=\"1\"><\/span>            <div class=\"row_inner col_align_middle tb_col_count_2 tf_box tf_rel\">\n                        <div  data-lazy=\"1\" class=\"module_column tb-column col4-2 tb_x637244 first\">\n                    <!-- module text -->\n<div  class=\"module module-text tb_4lo6244   \" data-lazy=\"1\">\n        <div  class=\"tb_text_wrap\">\n        <h2><strong>La restauration commence par un message<\/strong><\/h2>\n    <\/div>\n<\/div>\n<!-- \/module text --><!-- module text -->\n<div  class=\"module module-text tb_02cu244   \" data-lazy=\"1\">\n        <div  class=\"tb_text_wrap\">\n        <p>Qu\u2019il s\u2019agisse d\u2019une <strong>archive complexe<\/strong> ou d\u2019un <strong>fichier unique et pr\u00e9cieux<\/strong>, nous <strong>\u00e9coutons chaque demande avec attention<\/strong>.<\/p>\n<p><strong>\u00c9crivez-nous<\/strong> pour nous dire ce que vous souhaitez <strong>restaurer<\/strong>, <strong>valoriser<\/strong> ou simplement <strong>mieux comprendre<\/strong>.<\/p>\n    <\/div>\n<\/div>\n<!-- \/module text -->        <div  data-lazy=\"1\" class=\"module_subrow themify_builder_sub_row tf_w col_align_top tb_col_count_1 tb_360l244\">\n                <div  data-lazy=\"1\" class=\"module_column sub_column col-full tb_963t244 first\">\n                    <!-- module text -->\n<div  class=\"module module-text tb_4d80244   \" data-lazy=\"1\">\n        <div  class=\"tb_text_wrap\">\n        <h4>Info<\/h4>\n    <\/div>\n<\/div>\n<!-- \/module text --><!-- module icon -->\n<div  class=\"module module-icon tb_sftt244    icon_vertical \" data-lazy=\"1\">\n\t\t\t<div class=\"module-icon-item\">\n\t\t\t\t\t\t\t\t\t\t\t\t\t\t\t\t<em class=\"tf_box\"\n\t\t\t\t\t\t\t\t\t\t\t\t\t\t\t\t\t><svg  class=\"tf_fa tf-far-envelope\" xmlns:xlink=\"http:\/\/www.w3.org\/1999\/xlink\" aria-hidden=\"true\"><use href=\"#tf-far-envelope\" xlink:href=\"#tf-far-envelope\"><\/use><\/svg><\/em>\n\t\t\t\t\t\t\t\t\t\t\t\t\t\t\t\t\t\t\t<span>restore@nornelegacy.com<\/span>\n\t\t\t\t\t\t\t\t\t\t\t\t\t\t\t<\/div>\n\t<\/div>\n<!-- \/module icon -->\n        <\/div>\n                    <\/div>\n                <\/div>\n                    <div  data-lazy=\"1\" class=\"module_column tb-column col4-2 tb_c8pk244 last\">\n                    <!-- module plain text -->\n<div  class=\"module module-plain-text tb_g8ty651 \" data-lazy=\"1\">\n        <div class=\"tb_text_wrap\">\n    <div class=\"everest-forms\"><div class=\"evf-container default\" id=\"evf-3418\"><form id=\"evf-form-3418\" class=\"everest-form\" data-formid=\"3418\" data-ajax_submission=\"0\" data-keyboard_friendly_form=\"0\" data-form_state_type=\"\" method=\"post\" enctype=\"multipart\/form-data\" action=\"\/fr\/wp-json\/wp\/v2\/pages\/3021\"><div class=\"evf-field-container\"><input type=\"hidden\" id=\"_wpnonce3418\" name=\"_wpnonce3418\" value=\"89a497d5d3\" \/><input type=\"hidden\" name=\"_wp_http_referer\" value=\"\/fr\/wp-json\/wp\/v2\/pages\/3021\" \/><input type='hidden' id='evf_submission_start_time' name='evf_submission_start_time'\/><div class=\"evf-frontend-row\" data-row=\"row_1\" conditional_rules=\"[]\"><div class=\"evf-frontend-grid evf-grid-1\" data-grid=\"grid_1\"><div id=\"evf-3418-field_QqJPGOYYxa-7-container\" class=\"evf-field evf-field-first-name form-row validate-required\" data-required-field-message=\"This field is required.\" data-field-id=\"QqJPGOYYxa-7\"><label class=\"evf-field-label\" for=\"evf-3418-field_QqJPGOYYxa-7\"><span class=\"evf-label\">Nom et pr\u00e9nom<\/span> <abbr class=\"required\" title=\"Required\">*<\/abbr><\/label><input type=\"text\" id=\"evf-3418-field_QqJPGOYYxa-7\" class=\"input-text\" name=\"everest_forms[form_fields][QqJPGOYYxa-7]\" required><\/div><\/div><\/div><div class=\"evf-frontend-row\" data-row=\"row_2\" conditional_rules=\"[]\"><div class=\"evf-frontend-grid evf-grid-1\" data-grid=\"grid_1\"><div id=\"evf-3418-field_zkQPYzsI53-9-container\" class=\"evf-field evf-field-email form-row validate-required validate-email\" data-required-field-message=\"Please enter a valid email address.\" data-field-id=\"zkQPYzsI53-9\"><label class=\"evf-field-label\" for=\"evf-3418-field_zkQPYzsI53-9\"><span class=\"evf-label\">Email<\/span> <abbr class=\"required\" title=\"Required\">*<\/abbr><\/label><input type=\"email\" id=\"evf-3418-field_zkQPYzsI53-9\" class=\"input-text\" name=\"everest_forms[form_fields][zkQPYzsI53-9]\" required ><\/div><\/div><\/div><div class=\"evf-frontend-row\" data-row=\"row_4\" conditional_rules=\"[]\"><div class=\"evf-frontend-grid evf-grid-1\" data-grid=\"grid_1\"><div id=\"evf-3418-field_4TUcYVgddS-16-container\" class=\"evf-field evf-field-text form-row validate-required\" data-required-field-message=\"This field is required.\" data-field-id=\"4TUcYVgddS-16\"><label class=\"evf-field-label\" for=\"evf-3418-field_4TUcYVgddS-16\"><span class=\"evf-label\">Objet<\/span> <abbr class=\"required\" title=\"Required\">*<\/abbr><\/label><input type=\"text\" id=\"evf-3418-field_4TUcYVgddS-16\" class=\"input-text\" name=\"everest_forms[form_fields][4TUcYVgddS-16]\" required><\/div><div id=\"evf-3418-field_VAY4dg9Uci-17-container\" class=\"evf-field evf-field-textarea form-row validate-required\" data-required-field-message=\"This field is required.\" data-field-id=\"VAY4dg9Uci-17\"><label class=\"evf-field-label\" for=\"evf-3418-field_VAY4dg9Uci-17\"><span class=\"evf-label\">Message<\/span> <abbr class=\"required\" title=\"Required\">*<\/abbr><\/label><textarea id=\"evf-3418-field_VAY4dg9Uci-17\" class=\"input-text\" name=\"everest_forms[form_fields][VAY4dg9Uci-17]\" required ><\/textarea><\/div><\/div><\/div><div class=\"evf-frontend-row\" data-row=\"row_3\" conditional_rules=\"[]\"><div class=\"evf-frontend-grid evf-grid-1\" data-grid=\"grid_1\"><div id=\"evf-3418-field_K10BDtTJEz-11-container\" class=\"evf-field evf-field-privacy-policy form-row validate-required\" data-required-field-message=\"This field is required.\" data-field-id=\"K10BDtTJEz-11\"><label class=\"evf-field-label\" for=\"evf-3418-field_K10BDtTJEz-11\"><span class=\"evf-label\">Acceptation<\/span> <abbr class=\"required\" title=\"Required\">*<\/abbr><\/label><input type=\"checkbox\" value=\"En soumettant ce formulaire, j\u2019accepte que mes donn\u00e9es soient trait\u00e9es conform\u00e9ment \u00e0 la [Politique de confidentialit\u00e9](?page_id=3391)\" id=\"evf-3418-field_K10BDtTJEz-11\" class=\"input-text\" name=\"everest_forms[form_fields][K10BDtTJEz-11]\" required \/><label class=\"evf-privacy-policy-consent-message\" for=\"evf-3418-field_K10BDtTJEz-11\">En soumettant ce formulaire, j\u2019accepte que mes donn\u00e9es soient trait\u00e9es conform\u00e9ment \u00e0 la <a data-page-id=\"3391\" target=\"_blank\" rel=\"noopener noreferrer nofollow\" href=\"https:\/\/nornelegacy.com\/fr\/privacy-policy\/\" class=\" evf-privacy-policy-local-page-link\">Politique de confidentialit\u00e9<\/a><\/label><div class=\"evf-privacy-policy-local-page-contents\"><div class=\"evf-privacy-policy-local-page-content evf-privacy-policy-local-page-content-3391\" hidden><!-- wp:themify-builder\/canvas -->\n<!--themify_builder_static--><a href=\"https:\/\/www.iubenda.com\/privacy-policy\/15546013\" title=\"Politique de confidentialit\u00e9\" rel=\"noopener\">Politique de confidentialit\u00e9<\/a><!--\/themify_builder_static-->\n<!-- \/wp:themify-builder\/canvas --><\/div><\/div><\/div><\/div><\/div><\/div><div class=\"evf-honeypot-container evf-field-hp\"><label for=\"evf-3418-field-hp\" class=\"evf-field-label\">Comment<\/label><input type=\"text\" name=\"everest_forms[hp]\" id=\"evf-3418-field-hp\" class=\"input-text\"><\/div><div class=\"evf-submit-container \" ><input type=\"hidden\" name=\"everest_forms[id]\" value=\"3418\"><input type=\"hidden\" name=\"everest_forms[author]\" value=\"1\"><button type='submit' name='everest_forms[submit]' class='everest-forms-submit-button button evf-submit ' id='evf-submit-3418' value='evf-submit' data-process-text=\"Processing\u2026\" conditional_rules='&quot;&quot;' conditional_id='evf-submit-3418'  id=\"evf-submit-3418\" aria-live=\"assertive\">ENVOYEZ<\/button><\/div><\/form><\/div><!-- .evf-container --><\/div>     <\/div>\n<\/div>\n<!-- \/module plain text -->        <\/div>\n                        <\/div>\n        <\/div>\n        <\/div>\n<!--\/themify_builder_content-->","protected":false},"excerpt":{"rendered":"<p>La restauration commence par un message<\/p>\n","protected":false},"author":1,"featured_media":0,"parent":0,"menu_order":0,"comment_status":"closed","ping_status":"closed","template":"","meta":{"footnotes":""},"class_list":["post-3021","page","type-page","status-publish","hentry","has-post-title","has-post-date","has-post-category","has-post-tag","has-post-comment","has-post-author",""],"builder_content":"<h2><strong>La restauration commence par un message<\/strong><\/h2>\n<p>Qu\u2019il s\u2019agisse d\u2019une <strong>archive complexe<\/strong> ou d\u2019un <strong>fichier unique et pr\u00e9cieux<\/strong>, nous <strong>\u00e9coutons chaque demande avec attention<\/strong>.<\/p> <p><strong>\u00c9crivez-nous<\/strong> pour nous dire ce que vous souhaitez <strong>restaurer<\/strong>, <strong>valoriser<\/strong> ou simplement <strong>mieux comprendre<\/strong>.<\/p>\n<h4>Info<\/h4>\n<em ><svg xmlns:xlink=\"http:\/\/www.w3.org\/1999\/xlink\" aria-hidden=\"true\"><use href=\"#tf-far-envelope\" xlink:href=\"#tf-far-envelope\"><\/use><\/svg><\/em> restore@nornelegacy.com\n[everest_form id=\"3418\"]","_links":{"self":[{"href":"https:\/\/nornelegacy.com\/fr\/wp-json\/wp\/v2\/pages\/3021","targetHints":{"allow":["GET"]}}],"collection":[{"href":"https:\/\/nornelegacy.com\/fr\/wp-json\/wp\/v2\/pages"}],"about":[{"href":"https:\/\/nornelegacy.com\/fr\/wp-json\/wp\/v2\/types\/page"}],"author":[{"embeddable":true,"href":"https:\/\/nornelegacy.com\/fr\/wp-json\/wp\/v2\/users\/1"}],"replies":[{"embeddable":true,"href":"https:\/\/nornelegacy.com\/fr\/wp-json\/wp\/v2\/comments?post=3021"}],"version-history":[{"count":9,"href":"https:\/\/nornelegacy.com\/fr\/wp-json\/wp\/v2\/pages\/3021\/revisions"}],"predecessor-version":[{"id":3427,"href":"https:\/\/nornelegacy.com\/fr\/wp-json\/wp\/v2\/pages\/3021\/revisions\/3427"}],"wp:attachment":[{"href":"https:\/\/nornelegacy.com\/fr\/wp-json\/wp\/v2\/media?parent=3021"}],"curies":[{"name":"wp","href":"https:\/\/api.w.org\/{rel}","templated":true}]}}