{"id":3235,"date":"2025-05-15T14:32:59","date_gmt":"2025-05-15T14:32:59","guid":{"rendered":"https:\/\/nornelegacy.com\/technical-consultancy\/"},"modified":"2026-02-25T15:25:10","modified_gmt":"2026-02-25T15:25:10","slug":"conseil-technique","status":"publish","type":"page","link":"https:\/\/nornelegacy.com\/fr\/conseil-technique\/","title":{"rendered":"Conseil technique"},"content":{"rendered":"<!--themify_builder_content-->\n<div id=\"themify_builder_content-3235\" data-postid=\"3235\" class=\"themify_builder_content themify_builder_content-3235 themify_builder tf_clear\">\n                    <div  data-css_id=\"jcmk305\" data-lazy=\"1\" class=\"module_row themify_builder_row fullwidth tb_jcmk305 tb_first tf_w\">\n                        <div class=\"row_inner col_align_top tb_col_count_2 tf_box tf_rel\">\n                        <div  data-lazy=\"1\" class=\"module_column tb-column col4-2 tb_ik9c305 first\">\n                    <!-- module text -->\n<div  class=\"module module-text tb_dfa5305   \" data-lazy=\"1\">\n        <div  class=\"tb_text_wrap\">\n        <h1>CONSEIL TECHNIQUE POUR INSTITUTIONS ET ARCHIVES<\/h1>\n<p><strong>Un alli\u00e9 num\u00e9rique au service de la m\u00e9moire culturelle.<\/strong><\/p>    <\/div>\n<\/div>\n<!-- \/module text --><!-- module image -->\n<div  class=\"module module-image tb_nlyc305 image-top   tf_mw hide-desktop hide-tablet hide-tablet_landscape\" data-lazy=\"1\">\n        <div class=\"image-wrap tf_rel tf_mw\">\n            <img loading=\"lazy\" decoding=\"async\" width=\"1536\" height=\"1024\" src=\"https:\/\/nornelegacy.com\/wp-content\/uploads\/2025\/04\/Consulenzapage.webp\" class=\"wp-post-image wp-image-1256\" title=\"Consulenzapage\" alt=\"Consulenzapage\" srcset=\"https:\/\/nornelegacy.com\/wp-content\/uploads\/2025\/04\/Consulenzapage.webp 1536w, https:\/\/nornelegacy.com\/wp-content\/uploads\/2025\/04\/Consulenzapage-300x200.webp 300w, https:\/\/nornelegacy.com\/wp-content\/uploads\/2025\/04\/Consulenzapage-1024x683.webp 1024w, https:\/\/nornelegacy.com\/wp-content\/uploads\/2025\/04\/Consulenzapage-768x512.webp 768w\" sizes=\"auto, (max-width: 1536px) 100vw, 1536px\" \/>    \n        <\/div>\n    <!-- \/image-wrap -->\n    \n        <\/div>\n<!-- \/module image --><!-- module text -->\n<div  class=\"module module-text tb_rin9215   \" data-lazy=\"1\">\n        <div  class=\"tb_text_wrap\">\n        <h3 style=\"text-align: left;\">Conseil en workflow et en restauration pour institutions culturelles et organismes d\u2019archives<\/h3>\n<p>Nous accompagnons des <b>archives publiques<\/b>, <b>fondations<\/b>, <b>collectivit\u00e9s locales<\/b>, <b>universit\u00e9s<\/b> et <b>mus\u00e9es<\/b> dans des projets complexes de <b>restauration audiovisuelle<\/b>, de <b>valorisation num\u00e9rique<\/b> et de <b>diffusion culturelle<\/b>.<\/p>\n<p>Nos services de <b>conseil technique sp\u00e9cialis\u00e9<\/b> sont enti\u00e8rement adapt\u00e9s aux besoins sp\u00e9cifiques de chaque institution et couvrent notamment :<\/p>\n<ul>\n<li><b>Workflows num\u00e9riques<\/b> pour le traitement, l\u2019organisation et la structuration des mat\u00e9riaux<\/li>\n<li><b>Choix des formats<\/b> pour la conservation, l\u2019usage interne et la diffusion<\/li>\n<li><b>Optimisation de mat\u00e9riaux num\u00e9ris\u00e9s ou non restaur\u00e9s<\/b><\/li>\n<li>Strat\u00e9gies de <b>m\u00e9tadonn\u00e9es techniques et descriptives<\/b><\/li>\n<li>Pr\u00e9paration \u00e0 la <b>diffusion<\/b> (broadcast, festivals, plateformes en ligne, expositions)<\/li>\n<li><b>Recherche historique et archivistique<\/b> visant \u00e0 localiser des copies in\u00e9dites ou des documents audiovisuels d\u2019importance patrimoniale, y compris des \u0153uvres consid\u00e9r\u00e9es comme perdues (voir : <a href=\"https:\/\/nornelegacy.com\/project\/titta-ruffo-on-set-mgm\/\"><b>Case Study \u2013 Titta Ruffo Lost MGM Movietones<\/b><\/a>)<\/li>\n<li>Conseil en <b>archivage num\u00e9rique et organisation des fichiers<\/b>, incluant des solutions de <b>sauvegarde physique et cloud via prestataires tiers<\/b><b><\/b><\/li>\n<\/ul>\n<p>Notre approche associe <b>expertise technique<\/b>, <b>sensibilit\u00e9 philologique<\/b> et vision strat\u00e9gique orient\u00e9e projet.<\/p>\n<p>Nous collaborons \u00e9troitement avec les acteurs culturels afin de proposer des <b>solutions durables, actualis\u00e9es et adapt\u00e9es \u00e0 chaque contexte institutionnel<\/b>, conformes aux standards contemporains de <b>pr\u00e9servation num\u00e9rique<\/b>.<\/p>    <\/div>\n<\/div>\n<!-- \/module text -->        <\/div>\n                    <div  data-lazy=\"1\" class=\"module_column tb-column col4-2 tb_d2q0305 last\">\n                            <div  data-lazy=\"1\" class=\"module_subrow themify_builder_sub_row tf_w col_align_top tb_col_count_1 tb_mozp305\">\n                <div  data-lazy=\"1\" class=\"module_column sub_column col-full tb_dbw3305 first\">\n                            <div  data-lazy=\"1\" class=\"module_subrow themify_builder_sub_row tf_w col_align_top tb_col_count_1 tb_rixz305\">\n                <div  data-lazy=\"1\" class=\"module_column sub_column col-full tb_e1tb305 first\">\n                    <!-- module image -->\n<div  class=\"module module-image tb_vd97305 image-top   tf_mw hide-mobile\" data-lazy=\"1\">\n        <div class=\"image-wrap tf_rel tf_mw\">\n            <img loading=\"lazy\" decoding=\"async\" width=\"1536\" height=\"1024\" src=\"https:\/\/nornelegacy.com\/wp-content\/uploads\/2025\/04\/Consulenzapage.webp\" class=\"wp-post-image wp-image-1256\" title=\"Consulenzapage\" alt=\"Consulenzapage\" srcset=\"https:\/\/nornelegacy.com\/wp-content\/uploads\/2025\/04\/Consulenzapage.webp 1536w, https:\/\/nornelegacy.com\/wp-content\/uploads\/2025\/04\/Consulenzapage-300x200.webp 300w, https:\/\/nornelegacy.com\/wp-content\/uploads\/2025\/04\/Consulenzapage-1024x683.webp 1024w, https:\/\/nornelegacy.com\/wp-content\/uploads\/2025\/04\/Consulenzapage-768x512.webp 768w\" sizes=\"auto, (max-width: 1536px) 100vw, 1536px\" \/>    \n        <\/div>\n    <!-- \/image-wrap -->\n    \n        <\/div>\n<!-- \/module image --><!-- module text -->\n<div  class=\"module module-text tb_h6hg305   \" data-lazy=\"1\">\n        <div  class=\"tb_text_wrap\">\n        <p><b>Contactez-nous<\/b> pour une <b>consultation technique d\u00e9di\u00e9e \u00e0 votre archive audiovisuelle<\/b>, ou pour \u00e9laborer ensemble un <b>projet sur mesure de restauration et de valorisation num\u00e9rique<\/b>.<\/p>    <\/div>\n<\/div>\n<!-- \/module text -->        <div  data-lazy=\"1\" class=\"module_subrow themify_builder_sub_row tf_w col_align_top gutter-none col_auto_height tb_col_count_2 tb_y33k305\">\n                <div  data-lazy=\"1\" class=\"module_column sub_column col4-2 tb_lz3t305 first\">\n                    <!-- module text -->\n<div  class=\"module module-text tb_zv70305   \" data-lazy=\"1\">\n        <div  class=\"tb_text_wrap\">\n        <h3>La restauration commence par un message.<\/h3>\n    <\/div>\n<\/div>\n<!-- \/module text -->        <\/div>\n                    <div  data-lazy=\"1\" class=\"module_column sub_column col4-2 tb_q4pv305 last\">\n                    <!-- module buttons -->\n<div  class=\"module module-buttons tb_38b1305 buttons-horizontal solid  xlarge squared\" data-lazy=\"1\">\n        <div class=\"module-buttons-item tf_in_flx\">\n                        <a href=\"https:\/\/nornelegacy.com\/fr\/contact\/\" class=\"ui builder_button tf_in_flx transparent\" >\n                                                Contactez-nous                                        <\/a>\n                <\/div>\n            <\/div>\n<!-- \/module buttons -->\n        <\/div>\n                    <\/div>\n                <\/div>\n                    <\/div>\n                <\/div>\n                    <\/div>\n                <\/div>\n                        <\/div>\n        <\/div>\n        <\/div>\n<!--\/themify_builder_content-->","protected":false},"excerpt":{"rendered":"<p>CONSEIL TECHNIQUE POUR INSTITUTIONS ET ARCHIVES Un alli\u00e9 num\u00e9rique au service de la m\u00e9moire culturelle.<\/p>\n","protected":false},"author":1,"featured_media":0,"parent":0,"menu_order":0,"comment_status":"closed","ping_status":"closed","template":"","meta":{"footnotes":""},"class_list":["post-3235","page","type-page","status-publish","hentry","has-post-title","has-post-date","has-post-category","has-post-tag","has-post-comment","has-post-author",""],"builder_content":"<h1>CONSEIL TECHNIQUE POUR INSTITUTIONS ET ARCHIVES<\/h1> <p><strong>Un alli\u00e9 num\u00e9rique au service de la m\u00e9moire culturelle.<\/strong><\/p>\n<img src=\"https:\/\/nornelegacy.com\/wp-content\/uploads\/2025\/04\/Consulenzapage.webp\" title=\"Consulenzapage\" alt=\"Consulenzapage\" srcset=\"https:\/\/nornelegacy.com\/wp-content\/uploads\/2025\/04\/Consulenzapage.webp 1536w, https:\/\/nornelegacy.com\/wp-content\/uploads\/2025\/04\/Consulenzapage-300x200.webp 300w, https:\/\/nornelegacy.com\/wp-content\/uploads\/2025\/04\/Consulenzapage-1024x683.webp 1024w, https:\/\/nornelegacy.com\/wp-content\/uploads\/2025\/04\/Consulenzapage-768x512.webp 768w\" sizes=\"(max-width: 1536px) 100vw, 1536px\" \/>\n<h3 style=\"text-align: left;\">Conseil en workflow et en restauration pour institutions culturelles et organismes d\u2019archives<\/h3> <p>Nous accompagnons des <b>archives publiques<\/b>, <b>fondations<\/b>, <b>collectivit\u00e9s locales<\/b>, <b>universit\u00e9s<\/b> et <b>mus\u00e9es<\/b> dans des projets complexes de <b>restauration audiovisuelle<\/b>, de <b>valorisation num\u00e9rique<\/b> et de <b>diffusion culturelle<\/b>.<\/p> <p>Nos services de <b>conseil technique sp\u00e9cialis\u00e9<\/b> sont enti\u00e8rement adapt\u00e9s aux besoins sp\u00e9cifiques de chaque institution et couvrent notamment :<\/p> <ul> <li><b>Workflows num\u00e9riques<\/b> pour le traitement, l\u2019organisation et la structuration des mat\u00e9riaux<\/li> <li><b>Choix des formats<\/b> pour la conservation, l\u2019usage interne et la diffusion<\/li> <li><b>Optimisation de mat\u00e9riaux num\u00e9ris\u00e9s ou non restaur\u00e9s<\/b><\/li> <li>Strat\u00e9gies de <b>m\u00e9tadonn\u00e9es techniques et descriptives<\/b><\/li> <li>Pr\u00e9paration \u00e0 la <b>diffusion<\/b> (broadcast, festivals, plateformes en ligne, expositions)<\/li> <li><b>Recherche historique et archivistique<\/b> visant \u00e0 localiser des copies in\u00e9dites ou des documents audiovisuels d\u2019importance patrimoniale, y compris des \u0153uvres consid\u00e9r\u00e9es comme perdues (voir : <a href=\"https:\/\/nornelegacy.com\/project\/titta-ruffo-on-set-mgm\/\"><b>Case Study \u2013 Titta Ruffo Lost MGM Movietones<\/b><\/a>)<\/li> <li>Conseil en <b>archivage num\u00e9rique et organisation des fichiers<\/b>, incluant des solutions de <b>sauvegarde physique et cloud via prestataires tiers<\/b><b><\/b><\/li> <\/ul> <p>Notre approche associe <b>expertise technique<\/b>, <b>sensibilit\u00e9 philologique<\/b> et vision strat\u00e9gique orient\u00e9e projet.<\/p> <p>Nous collaborons \u00e9troitement avec les acteurs culturels afin de proposer des <b>solutions durables, actualis\u00e9es et adapt\u00e9es \u00e0 chaque contexte institutionnel<\/b>, conformes aux standards contemporains de <b>pr\u00e9servation num\u00e9rique<\/b>.<\/p>\n<img src=\"https:\/\/nornelegacy.com\/wp-content\/uploads\/2025\/04\/Consulenzapage.webp\" title=\"Consulenzapage\" alt=\"Consulenzapage\" srcset=\"https:\/\/nornelegacy.com\/wp-content\/uploads\/2025\/04\/Consulenzapage.webp 1536w, https:\/\/nornelegacy.com\/wp-content\/uploads\/2025\/04\/Consulenzapage-300x200.webp 300w, https:\/\/nornelegacy.com\/wp-content\/uploads\/2025\/04\/Consulenzapage-1024x683.webp 1024w, https:\/\/nornelegacy.com\/wp-content\/uploads\/2025\/04\/Consulenzapage-768x512.webp 768w\" sizes=\"(max-width: 1536px) 100vw, 1536px\" \/>\n<p><b>Contactez-nous<\/b> pour une <b>consultation technique d\u00e9di\u00e9e \u00e0 votre archive audiovisuelle<\/b>, ou pour \u00e9laborer ensemble un <b>projet sur mesure de restauration et de valorisation num\u00e9rique<\/b>.<\/p>\n<h3>La restauration commence par un message.<\/h3>\n<a href=\"https:\/\/nornelegacy.com\/fr\/contact\/\" > Contactez-nous <\/a>","_links":{"self":[{"href":"https:\/\/nornelegacy.com\/fr\/wp-json\/wp\/v2\/pages\/3235","targetHints":{"allow":["GET"]}}],"collection":[{"href":"https:\/\/nornelegacy.com\/fr\/wp-json\/wp\/v2\/pages"}],"about":[{"href":"https:\/\/nornelegacy.com\/fr\/wp-json\/wp\/v2\/types\/page"}],"author":[{"embeddable":true,"href":"https:\/\/nornelegacy.com\/fr\/wp-json\/wp\/v2\/users\/1"}],"replies":[{"embeddable":true,"href":"https:\/\/nornelegacy.com\/fr\/wp-json\/wp\/v2\/comments?post=3235"}],"version-history":[{"count":25,"href":"https:\/\/nornelegacy.com\/fr\/wp-json\/wp\/v2\/pages\/3235\/revisions"}],"predecessor-version":[{"id":5136,"href":"https:\/\/nornelegacy.com\/fr\/wp-json\/wp\/v2\/pages\/3235\/revisions\/5136"}],"wp:attachment":[{"href":"https:\/\/nornelegacy.com\/fr\/wp-json\/wp\/v2\/media?parent=3235"}],"curies":[{"name":"wp","href":"https:\/\/api.w.org\/{rel}","templated":true}]}}